{"id":1910,"date":"2025-01-22T16:40:29","date_gmt":"2025-01-22T16:40:29","guid":{"rendered":"https:\/\/institutodoscegos.com.br\/site\/?page_id=1910"},"modified":"2025-01-27T23:47:15","modified_gmt":"2025-01-27T23:47:15","slug":"formacao-musical","status":"publish","type":"page","link":"https:\/\/institutodoscegos.com.br\/site\/formacao-musical\/","title":{"rendered":"Forma\u00e7\u00e3o Musical"},"content":{"rendered":"\t\t<div data-elementor-type=\"wp-page\" data-elementor-id=\"1910\" class=\"elementor elementor-1910\" data-elementor-post-type=\"page\">\n\t\t\t\t\t\t<section class=\"elementor-section elementor-top-section elementor-element elementor-element-001c387 elementor-section-boxed elementor-section-height-default elementor-section-height-default\" data-id=\"001c387\" data-element_type=\"section\" data-settings=\"{&quot;background_background&quot;:&quot;slideshow&quot;,&quot;background_slideshow_gallery&quot;:[{&quot;id&quot;:2329,&quot;url&quot;:&quot;https:\\\/\\\/institutodoscegos.com.br\\\/site\\\/wp-content\\\/uploads\\\/2025\\\/01\\\/ScreenShot_20200909125401.png&quot;},{&quot;id&quot;:2173,&quot;url&quot;:&quot;https:\\\/\\\/institutodoscegos.com.br\\\/site\\\/wp-content\\\/uploads\\\/2025\\\/01\\\/IMG_6226.jpg&quot;},{&quot;id&quot;:2066,&quot;url&quot;:&quot;https:\\\/\\\/institutodoscegos.com.br\\\/site\\\/wp-content\\\/uploads\\\/2025\\\/01\\\/IMG_5871.jpg&quot;}],&quot;background_slideshow_ken_burns&quot;:&quot;yes&quot;,&quot;background_slideshow_loop&quot;:&quot;yes&quot;,&quot;background_slideshow_slide_duration&quot;:5000,&quot;background_slideshow_slide_transition&quot;:&quot;fade&quot;,&quot;background_slideshow_transition_duration&quot;:500,&quot;background_slideshow_ken_burns_zoom_direction&quot;:&quot;in&quot;}\">\n\t\t\t\t\t\t\t<div class=\"elementor-background-overlay\"><\/div>\n\t\t\t\t\t\t\t<div class=\"elementor-container elementor-column-gap-default\">\n\t\t\t\t\t<div class=\"elementor-column elementor-col-100 elementor-top-column elementor-element elementor-element-33e08c0\" data-id=\"33e08c0\" data-element_type=\"column\">\n\t\t\t<div class=\"elementor-widget-wrap elementor-element-populated\">\n\t\t\t\t\t\t<div class=\"elementor-element elementor-element-b2ae2f0 elementor-widget elementor-widget-gva-heading-block\" data-id=\"b2ae2f0\" data-element_type=\"widget\" data-widget_type=\"gva-heading-block.default\">\n\t\t\t\t<div class=\"elementor-widget-container\">\n\t\t\t\t\t<div class=\"gva-element-gva-heading-block gva-element\">   <div class=\"align-left style-1 widget gsc-heading box-align-left auto-responsive\">\r\n      <div class=\"content-inner\">\r\n         \r\n                  \r\n           \r\n         \r\n                     <h2 class=\"title\">\r\n               <span>Forma\u00e7\u00e3o Musical<\/span>\r\n            <\/h2>\r\n                  \r\n                     <div class=\"title-desc\">Oferecemos aulas de teoria musical, instrumentos e canto, incentivando talentos e proporcionando momentos de express\u00e3o art\u00edstica.<\/div>\r\n         \r\n         \r\n      <\/div>\r\n   <\/div>\r\n<\/div>\t\t\t\t<\/div>\n\t\t\t\t<\/div>\n\t\t\t\t\t<\/div>\n\t\t<\/div>\n\t\t\t\t\t<\/div>\n\t\t<\/section>\n\t\t\t\t<section class=\"elementor-section elementor-top-section elementor-element elementor-element-5bc2bdf elementor-section-boxed elementor-section-height-default elementor-section-height-default\" data-id=\"5bc2bdf\" data-element_type=\"section\">\n\t\t\t\t\t\t<div class=\"elementor-container elementor-column-gap-default\">\n\t\t\t\t\t<div class=\"elementor-column elementor-col-50 elementor-top-column elementor-element elementor-element-faa4316\" data-id=\"faa4316\" data-element_type=\"column\">\n\t\t\t<div class=\"elementor-widget-wrap elementor-element-populated\">\n\t\t\t\t\t\t<div class=\"elementor-element elementor-element-671db78 elementor-widget elementor-widget-gva-gallery\" data-id=\"671db78\" data-element_type=\"widget\" data-widget_type=\"gva-gallery.default\">\n\t\t\t\t<div class=\"elementor-widget-container\">\n\t\t\t\t\t<div class=\"gva-element-gva-gallery gva-element\">  \r\n  \t<div class=\"gva-gallery-grid clearfix\">\r\n\t\t<div class=\"gva-content-items\"> \r\n\t\t  \t<div class=\"lg-block-grid-3 md-block-grid-3 sm-block-grid-2 xs-block-grid-1 xx-block-grid-1\">\r\n\t\t\t \t<div class=\"item\">\r\n<div class=\"gallery-item\">\r\n\r\n               <div class=\"image\">\r\n            <img decoding=\"async\" src=\"https:\/\/institutodoscegos.com.br\/site\/wp-content\/uploads\/2025\/01\/1280842_534503709953553_214951109_n-550x632.jpg\" alt=\"\" \/>  \r\n         <\/div>\r\n         <a class=\"photo-gallery\" href=\"https:\/\/institutodoscegos.com.br\/site\/wp-content\/uploads\/2025\/01\/1280842_534503709953553_214951109_n.jpg\" data-elementor-lightbox-slideshow=\"gallery-s9ib\"><\/a>\r\n      \r\n      <div class=\"image-content\">\r\n         <div class=\"content-inner\">\r\n                                 <\/div>   \r\n      <\/div>\r\n\r\n   <\/div>\r\n<\/div><div class=\"item\">\r\n<div class=\"gallery-item\">\r\n\r\n               <div class=\"image\">\r\n            <img decoding=\"async\" src=\"https:\/\/institutodoscegos.com.br\/site\/wp-content\/uploads\/2025\/01\/IMG_6300-550x632.jpg\" alt=\"\" \/>  \r\n         <\/div>\r\n         <a class=\"photo-gallery\" href=\"https:\/\/institutodoscegos.com.br\/site\/wp-content\/uploads\/2025\/01\/IMG_6300.jpg\" data-elementor-lightbox-slideshow=\"gallery-s9ib\"><\/a>\r\n      \r\n      <div class=\"image-content\">\r\n         <div class=\"content-inner\">\r\n                                 <\/div>   \r\n      <\/div>\r\n\r\n   <\/div>\r\n<\/div><div class=\"item\">\r\n<div class=\"gallery-item\">\r\n\r\n               <div class=\"image\">\r\n            <img decoding=\"async\" src=\"https:\/\/institutodoscegos.com.br\/site\/wp-content\/uploads\/2025\/01\/IMG_6319-550x632.jpg\" alt=\"\" \/>  \r\n         <\/div>\r\n         <a class=\"photo-gallery\" href=\"https:\/\/institutodoscegos.com.br\/site\/wp-content\/uploads\/2025\/01\/IMG_6319.jpg\" data-elementor-lightbox-slideshow=\"gallery-s9ib\"><\/a>\r\n      \r\n      <div class=\"image-content\">\r\n         <div class=\"content-inner\">\r\n                                 <\/div>   \r\n      <\/div>\r\n\r\n   <\/div>\r\n<\/div>\t\t  \t<\/div>\r\n\t\t<\/div>\r\n  \t<\/div>\r\n<\/div>\t\t\t\t<\/div>\n\t\t\t\t<\/div>\n\t\t\t\t<div class=\"elementor-element elementor-element-79edf7c elementor-widget elementor-widget-gva-heading-block\" data-id=\"79edf7c\" data-element_type=\"widget\" data-widget_type=\"gva-heading-block.default\">\n\t\t\t\t<div class=\"elementor-widget-container\">\n\t\t\t\t\t<div class=\"gva-element-gva-heading-block gva-element\">   <div class=\"align-center style-1 widget gsc-heading box-align-left auto-responsive\">\r\n      <div class=\"content-inner\">\r\n         \r\n                  \r\n           \r\n         \r\n                     <h2 class=\"title\">\r\n               <span>M\u00fasica<\/span>\r\n            <\/h2>\r\n                  \r\n                     <div class=\"title-desc\">Os alunos podem se apresentar em eventos organizados pelo Instituto e em parcerias com outras entidades.<\/div>\r\n         \r\n         \r\n      <\/div>\r\n   <\/div>\r\n<\/div>\t\t\t\t<\/div>\n\t\t\t\t<\/div>\n\t\t\t\t<div class=\"elementor-element elementor-element-8cc8ed2 elementor-widget elementor-widget-text-editor\" data-id=\"8cc8ed2\" data-element_type=\"widget\" data-widget_type=\"text-editor.default\">\n\t\t\t\t<div class=\"elementor-widget-container\">\n\t\t\t\t\t\t\t\t\t<p><br \/>A m\u00fasica \u00e9 uma linguagem universal e, no ICENO, \u00e9 utilizada como uma ferramenta de inclus\u00e3o e desenvolvimento pessoal. Oferecemos aulas de teoria musical, instrumentos e canto, incentivando talentos e proporcionando momentos de express\u00e3o art\u00edstica.<\/p>\t\t\t\t\t\t\t\t<\/div>\n\t\t\t\t<\/div>\n\t\t\t\t<section class=\"elementor-section elementor-inner-section elementor-element elementor-element-56fab74 elementor-section-boxed elementor-section-height-default elementor-section-height-default\" data-id=\"56fab74\" data-element_type=\"section\">\n\t\t\t\t\t\t<div class=\"elementor-container elementor-column-gap-default\">\n\t\t\t\t\t<div class=\"elementor-column elementor-col-50 elementor-inner-column elementor-element elementor-element-7ac9cf4\" data-id=\"7ac9cf4\" data-element_type=\"column\">\n\t\t\t<div class=\"elementor-widget-wrap elementor-element-populated\">\n\t\t\t\t\t\t<div class=\"elementor-element elementor-element-6b13788 elementor-position-left elementor-vertical-align-middle icon-box-left elementor-view-default elementor-mobile-position-top elementor-widget elementor-widget-icon-box\" data-id=\"6b13788\" data-element_type=\"widget\" data-widget_type=\"icon-box.default\">\n\t\t\t\t<div class=\"elementor-widget-container\">\n\t\t\t\t\t\t\t<div class=\"elementor-icon-box-wrapper\">\n\n\t\t\t\t\t\t<div class=\"elementor-icon-box-icon\">\n\t\t\t\t<span  class=\"elementor-icon\">\n\t\t\t\t<i aria-hidden=\"true\" class=\" las la-pencil-ruler\"><\/i>\t\t\t\t<\/span>\n\t\t\t<\/div>\n\t\t\t\n\t\t\t\t\t\t<div class=\"elementor-icon-box-content\">\n\n\t\t\t\t\t\t\t\t\t<h3 class=\"elementor-icon-box-title\">\n\t\t\t\t\t\t<span  >\n\t\t\t\t\t\t\tFanfarra de 7 de Setembro\t\t\t\t\t\t<\/span>\n\t\t\t\t\t<\/h3>\n\t\t\t\t\n\t\t\t\t\n\t\t\t<\/div>\n\t\t\t\n\t\t<\/div>\n\t\t\t\t\t\t<\/div>\n\t\t\t\t<\/div>\n\t\t\t\t\t<\/div>\n\t\t<\/div>\n\t\t\t\t<div class=\"elementor-column elementor-col-50 elementor-inner-column elementor-element elementor-element-5073b08\" data-id=\"5073b08\" data-element_type=\"column\">\n\t\t\t<div class=\"elementor-widget-wrap elementor-element-populated\">\n\t\t\t\t\t\t<div class=\"elementor-element elementor-element-515f50d elementor-position-left elementor-vertical-align-middle icon-box-left elementor-view-default elementor-mobile-position-top elementor-widget elementor-widget-icon-box\" data-id=\"515f50d\" data-element_type=\"widget\" data-widget_type=\"icon-box.default\">\n\t\t\t\t<div class=\"elementor-widget-container\">\n\t\t\t\t\t\t\t<div class=\"elementor-icon-box-wrapper\">\n\n\t\t\t\t\t\t<div class=\"elementor-icon-box-icon\">\n\t\t\t\t<span  class=\"elementor-icon\">\n\t\t\t\t<i aria-hidden=\"true\" class=\" las la-quote-left\"><\/i>\t\t\t\t<\/span>\n\t\t\t<\/div>\n\t\t\t\n\t\t\t\t\t\t<div class=\"elementor-icon-box-content\">\n\n\t\t\t\t\t\t\t\t\t<h3 class=\"elementor-icon-box-title\">\n\t\t\t\t\t\t<span  >\n\t\t\t\t\t\t\tParticipa\u00e7\u00e3o em eventos locais, como o <strong>Festival No Ritmo da Inclus\u00e3o<\/strong>.\t\t\t\t\t\t<\/span>\n\t\t\t\t\t<\/h3>\n\t\t\t\t\n\t\t\t\t\n\t\t\t<\/div>\n\t\t\t\n\t\t<\/div>\n\t\t\t\t\t\t<\/div>\n\t\t\t\t<\/div>\n\t\t\t\t\t<\/div>\n\t\t<\/div>\n\t\t\t\t\t<\/div>\n\t\t<\/section>\n\t\t\t\t<div class=\"elementor-element elementor-element-a489f54 elementor-widget elementor-widget-image\" data-id=\"a489f54\" data-element_type=\"widget\" data-widget_type=\"image.default\">\n\t\t\t\t<div class=\"elementor-widget-container\">\n\t\t\t\t\t\t\t\t\t\t\t\t\t\t\t<img fetchpriority=\"high\" decoding=\"async\" width=\"900\" height=\"600\" src=\"https:\/\/institutodoscegos.com.br\/site\/wp-content\/uploads\/2025\/01\/IMG_5954-1024x683.jpg\" class=\"attachment-large size-large wp-image-2110\" alt=\"\" srcset=\"https:\/\/institutodoscegos.com.br\/site\/wp-content\/uploads\/2025\/01\/IMG_5954-1024x683.jpg 1024w, https:\/\/institutodoscegos.com.br\/site\/wp-content\/uploads\/2025\/01\/IMG_5954-768x512.jpg 768w, https:\/\/institutodoscegos.com.br\/site\/wp-content\/uploads\/2025\/01\/IMG_5954-600x400.jpg 600w, https:\/\/institutodoscegos.com.br\/site\/wp-content\/uploads\/2025\/01\/IMG_5954.jpg 2048w\" sizes=\"(max-width: 900px) 100vw, 900px\" \/>\t\t\t\t\t\t\t\t\t\t\t\t\t\t\t<\/div>\n\t\t\t\t<\/div>\n\t\t\t\t<div class=\"elementor-element elementor-element-d16da64 elementor-widget elementor-widget-heading\" data-id=\"d16da64\" data-element_type=\"widget\" data-widget_type=\"heading.default\">\n\t\t\t\t<div class=\"elementor-widget-container\">\n\t\t\t\t\t<h2 class=\"elementor-heading-title elementor-size-default\"><span style=\"font-weight: bolder;color: var(--paroti-body-color);font-family: var(--paroti-font-sans-serif);font-size: 16px;letter-spacing: normal\">1\u00ba Festival: No Ritmo da Inclus\u00e3o<\/span><span style=\"color: var(--paroti-body-color);font-family: var(--paroti-font-sans-serif);font-size: 16px;font-weight: 400;letter-spacing: normal\">:<\/span><\/h2>\t\t\t\t<\/div>\n\t\t\t\t<\/div>\n\t\t\t\t<div class=\"elementor-element elementor-element-3c17809 elementor-widget elementor-widget-text-editor\" data-id=\"3c17809\" data-element_type=\"widget\" data-widget_type=\"text-editor.default\">\n\t\t\t\t<div class=\"elementor-widget-container\">\n\t\t\t\t\t\t\t\t\t<p><span style=\"color: var(--paroti-body-color); font-family: var(--paroti-font-sans-serif);\">&nbsp;Iniciativa que destaca os talentos musicais de nossos alunos e promove a cultura inclusiva.<\/span><\/p>\t\t\t\t\t\t\t\t<\/div>\n\t\t\t\t<\/div>\n\t\t\t\t\t<\/div>\n\t\t<\/div>\n\t\t\t\t<div class=\"elementor-column elementor-col-50 elementor-top-column elementor-element elementor-element-e659aa1\" data-id=\"e659aa1\" data-element_type=\"column\">\n\t\t\t<div class=\"elementor-widget-wrap elementor-element-populated\">\n\t\t\t\t\t\t<div class=\"elementor-element elementor-element-40b7073 elementor-widget elementor-widget-wp-widget-nav_menu\" data-id=\"40b7073\" data-element_type=\"widget\" data-widget_type=\"wp-widget-nav_menu.default\">\n\t\t\t\t<div class=\"elementor-widget-container\">\n\t\t\t\t\t<div class=\"menu-servicos-container\"><ul id=\"menu-servicos\" class=\"menu\"><li id=\"menu-item-2081\" class=\"menu-item menu-item-type-post_type menu-item-object-page menu-item-2081\"><a href=\"https:\/\/institutodoscegos.com.br\/site\/acesso-a-leitura-braille\/\">Acesso a leitura Braille<\/a><\/li>\n<li id=\"menu-item-2583\" class=\"menu-item menu-item-type-post_type menu-item-object-page menu-item-2583\"><a href=\"https:\/\/institutodoscegos.com.br\/site\/atividade-de-vida-autonoma\/\">Atividade de vida autonoma<\/a><\/li>\n<li id=\"menu-item-2581\" class=\"menu-item menu-item-type-post_type menu-item-object-page menu-item-2581\"><a href=\"https:\/\/institutodoscegos.com.br\/site\/beneficios\/\">Benef\u00edcios<\/a><\/li>\n<li id=\"menu-item-2084\" class=\"menu-item menu-item-type-post_type menu-item-object-page menu-item-2084\"><a href=\"https:\/\/institutodoscegos.com.br\/site\/formacao-musical\/\">Forma\u00e7\u00e3o Musical<\/a><\/li>\n<li id=\"menu-item-2586\" class=\"menu-item menu-item-type-post_type menu-item-object-page menu-item-2586\"><a href=\"https:\/\/institutodoscegos.com.br\/site\/informatica-acessivel\/\">Inform\u00e1tica acess\u00edvel<\/a><\/li>\n<li id=\"menu-item-2584\" class=\"menu-item menu-item-type-post_type menu-item-object-page menu-item-2584\"><a href=\"https:\/\/institutodoscegos.com.br\/site\/orientacao-e-mobilidade\/\">Orienta\u00e7\u00e3o e Mobilidade<\/a><\/li>\n<li id=\"menu-item-2585\" class=\"menu-item menu-item-type-post_type menu-item-object-page menu-item-2585\"><a href=\"https:\/\/institutodoscegos.com.br\/site\/paradesporto\/\">Paradesporto<\/a><\/li>\n<li id=\"menu-item-2582\" class=\"menu-item menu-item-type-post_type menu-item-object-page menu-item-2582\"><a href=\"https:\/\/institutodoscegos.com.br\/site\/servico-social\/\">Servi\u00e7o Social<\/a><\/li>\n<\/ul><\/div>\t\t\t\t<\/div>\n\t\t\t\t<\/div>\n\t\t\t\t<section class=\"elementor-section elementor-inner-section elementor-element elementor-element-033ef54 elementor-section-boxed elementor-section-height-default elementor-section-height-default\" data-id=\"033ef54\" data-element_type=\"section\" data-settings=\"{&quot;background_background&quot;:&quot;classic&quot;}\">\n\t\t\t\t\t\t<div class=\"elementor-container elementor-column-gap-default\">\n\t\t\t\t\t<div class=\"elementor-column elementor-col-100 elementor-inner-column elementor-element elementor-element-5447282\" data-id=\"5447282\" data-element_type=\"column\" data-settings=\"{&quot;background_background&quot;:&quot;classic&quot;}\">\n\t\t\t<div class=\"elementor-widget-wrap elementor-element-populated\">\n\t\t\t\t\t\t<div class=\"elementor-element elementor-element-44d5502 elementor-view-stacked elementor-shape-circle elementor-position-top elementor-mobile-position-top elementor-widget elementor-widget-icon-box\" data-id=\"44d5502\" data-element_type=\"widget\" data-widget_type=\"icon-box.default\">\n\t\t\t\t<div class=\"elementor-widget-container\">\n\t\t\t\t\t\t\t<div class=\"elementor-icon-box-wrapper\">\n\n\t\t\t\t\t\t<div class=\"elementor-icon-box-icon\">\n\t\t\t\t<a href=\"http:\/\/wa.me\/5583999384627\" class=\"elementor-icon\" tabindex=\"-1\" aria-label=\"83 3322.1214\">\n\t\t\t\t<i aria-hidden=\"true\" class=\"fas fa-phone\"><\/i>\t\t\t\t<\/a>\n\t\t\t<\/div>\n\t\t\t\n\t\t\t\t\t\t<div class=\"elementor-icon-box-content\">\n\n\t\t\t\t\t\t\t\t\t<h3 class=\"elementor-icon-box-title\">\n\t\t\t\t\t\t<a href=\"http:\/\/wa.me\/5583999384627\" >\n\t\t\t\t\t\t\t83 3322.1214\t\t\t\t\t\t<\/a>\n\t\t\t\t\t<\/h3>\n\t\t\t\t\n\t\t\t\t\t\t\t\t\t<p class=\"elementor-icon-box-description\">\n\t\t\t\t\t\t83 99938.4627\t\t\t\t\t<\/p>\n\t\t\t\t\n\t\t\t<\/div>\n\t\t\t\n\t\t<\/div>\n\t\t\t\t\t\t<\/div>\n\t\t\t\t<\/div>\n\t\t\t\t<div class=\"elementor-element elementor-element-9c08531 elementor-align-center elementor-widget elementor-widget-button\" data-id=\"9c08531\" data-element_type=\"widget\" data-widget_type=\"button.default\">\n\t\t\t\t<div class=\"elementor-widget-container\">\n\t\t\t\t\t\t\t\t\t<div class=\"elementor-button-wrapper\">\n\t\t\t\t\t<a class=\"elementor-button elementor-button-link elementor-size-md\" href=\"http:\/\/wa.me\/5583999384627\">\n\t\t\t\t\t\t<span class=\"elementor-button-content-wrapper\">\n\t\t\t\t\t\t\t\t\t<span class=\"elementor-button-text\">Whatsapp<\/span>\n\t\t\t\t\t<\/span>\n\t\t\t\t\t<\/a>\n\t\t\t\t<\/div>\n\t\t\t\t\t\t\t\t<\/div>\n\t\t\t\t<\/div>\n\t\t\t\t\t<\/div>\n\t\t<\/div>\n\t\t\t\t\t<\/div>\n\t\t<\/section>\n\t\t\t\t\t<\/div>\n\t\t<\/div>\n\t\t\t\t\t<\/div>\n\t\t<\/section>\n\t\t\t\t<section class=\"elementor-section elementor-top-section elementor-element elementor-element-3075d87 elementor-section-boxed elementor-section-height-default elementor-section-height-default\" data-id=\"3075d87\" data-element_type=\"section\" data-settings=\"{&quot;background_background&quot;:&quot;classic&quot;}\">\n\t\t\t\t\t\t<div class=\"elementor-container elementor-column-gap-default\">\n\t\t\t\t\t<div class=\"elementor-column elementor-col-100 elementor-top-column elementor-element elementor-element-10c675f\" data-id=\"10c675f\" data-element_type=\"column\">\n\t\t\t<div class=\"elementor-widget-wrap elementor-element-populated\">\n\t\t\t\t\t\t<div class=\"elementor-element elementor-element-16c68c6 elementor-widget elementor-widget-gva-heading-block\" data-id=\"16c68c6\" data-element_type=\"widget\" data-widget_type=\"gva-heading-block.default\">\n\t\t\t\t<div class=\"elementor-widget-container\">\n\t\t\t\t\t<div class=\"gva-element-gva-heading-block gva-element\">   <div class=\"align-center style-2 widget gsc-heading box-align-left auto-responsive\">\r\n      <div class=\"content-inner\">\r\n         \r\n                  \r\n         <div class=\"sub-title\"><span class=\"tagline\">ICENO<\/span><\/div>  \r\n         \r\n                     <h2 class=\"title\">\r\n               <span>Doe. Compartilhe. Transborde amor e transforme vidas. \u00c9 assim que constru\u00edmos um mundo mais inclusivo!<\/span>\r\n            <\/h2>\r\n                  \r\n         \r\n         \r\n      <\/div>\r\n   <\/div>\r\n<\/div>\t\t\t\t<\/div>\n\t\t\t\t<\/div>\n\t\t\t\t\t<\/div>\n\t\t<\/div>\n\t\t\t\t\t<\/div>\n\t\t<\/section>\n\t\t\t\t<\/div>\n\t\t","protected":false},"excerpt":{"rendered":"<p>Forma\u00e7\u00e3o Musical Oferecemos aulas de teoria musical, instrumentos e canto, incentivando talentos e proporcionando momentos de express\u00e3o art\u00edstica. M\u00fasica Os alunos podem se apresentar em eventos organizados pelo Instituto e [&hellip;]<\/p>\n","protected":false},"author":1,"featured_media":0,"parent":0,"menu_order":0,"comment_status":"closed","ping_status":"closed","template":"","meta":{"footnotes":""},"class_list":["post-1910","page","type-page","status-publish","hentry"],"_links":{"self":[{"href":"https:\/\/institutodoscegos.com.br\/site\/wp-json\/wp\/v2\/pages\/1910","targetHints":{"allow":["GET"]}}],"collection":[{"href":"https:\/\/institutodoscegos.com.br\/site\/wp-json\/wp\/v2\/pages"}],"about":[{"href":"https:\/\/institutodoscegos.com.br\/site\/wp-json\/wp\/v2\/types\/page"}],"author":[{"embeddable":true,"href":"https:\/\/institutodoscegos.com.br\/site\/wp-json\/wp\/v2\/users\/1"}],"replies":[{"embeddable":true,"href":"https:\/\/institutodoscegos.com.br\/site\/wp-json\/wp\/v2\/comments?post=1910"}],"version-history":[{"count":10,"href":"https:\/\/institutodoscegos.com.br\/site\/wp-json\/wp\/v2\/pages\/1910\/revisions"}],"predecessor-version":[{"id":2365,"href":"https:\/\/institutodoscegos.com.br\/site\/wp-json\/wp\/v2\/pages\/1910\/revisions\/2365"}],"wp:attachment":[{"href":"https:\/\/institutodoscegos.com.br\/site\/wp-json\/wp\/v2\/media?parent=1910"}],"curies":[{"name":"wp","href":"https:\/\/api.w.org\/{rel}","templated":true}]}}