{"id":2433,"date":"2025-01-31T14:03:20","date_gmt":"2025-01-31T14:03:20","guid":{"rendered":"https:\/\/institutodoscegos.com.br\/site\/?page_id=2433"},"modified":"2025-01-31T14:03:20","modified_gmt":"2025-01-31T14:03:20","slug":"tranporte-escolar","status":"publish","type":"page","link":"https:\/\/institutodoscegos.com.br\/site\/tranporte-escolar\/","title":{"rendered":"Tranporte Escolar"},"content":{"rendered":"\t\t<div data-elementor-type=\"wp-page\" data-elementor-id=\"2433\" class=\"elementor elementor-2433\" data-elementor-post-type=\"page\">\n\t\t\t\t\t\t<section class=\"elementor-section elementor-top-section elementor-element elementor-element-0ec177b elementor-section-boxed elementor-section-height-default elementor-section-height-default\" data-id=\"0ec177b\" data-element_type=\"section\" data-settings=\"{&quot;background_background&quot;:&quot;slideshow&quot;,&quot;background_slideshow_gallery&quot;:[{&quot;id&quot;:2298,&quot;url&quot;:&quot;https:\\\/\\\/institutodoscegos.com.br\\\/site\\\/wp-content\\\/uploads\\\/2025\\\/01\\\/WhatsApp-Image-2023-07-07-at-11.08.21.jpeg&quot;},{&quot;id&quot;:2315,&quot;url&quot;:&quot;https:\\\/\\\/institutodoscegos.com.br\\\/site\\\/wp-content\\\/uploads\\\/2025\\\/01\\\/46508341_273767836819106_2982568398652702720_n.jpg&quot;}],&quot;background_slideshow_ken_burns&quot;:&quot;yes&quot;,&quot;background_slideshow_loop&quot;:&quot;yes&quot;,&quot;background_slideshow_slide_duration&quot;:5000,&quot;background_slideshow_slide_transition&quot;:&quot;fade&quot;,&quot;background_slideshow_transition_duration&quot;:500,&quot;background_slideshow_ken_burns_zoom_direction&quot;:&quot;in&quot;}\">\n\t\t\t\t\t\t\t<div class=\"elementor-background-overlay\"><\/div>\n\t\t\t\t\t\t\t<div class=\"elementor-container elementor-column-gap-default\">\n\t\t\t\t\t<div class=\"elementor-column elementor-col-100 elementor-top-column elementor-element elementor-element-d3a6603\" data-id=\"d3a6603\" data-element_type=\"column\">\n\t\t\t<div class=\"elementor-widget-wrap elementor-element-populated\">\n\t\t\t\t\t\t<div class=\"elementor-element elementor-element-b35ac4d elementor-widget elementor-widget-gva-heading-block\" data-id=\"b35ac4d\" data-element_type=\"widget\" data-widget_type=\"gva-heading-block.default\">\n\t\t\t\t<div class=\"elementor-widget-container\">\n\t\t\t\t\t<div class=\"gva-element-gva-heading-block gva-element\">   <div class=\"align-left style-1 widget gsc-heading box-align-left auto-responsive\">\r\n      <div class=\"content-inner\">\r\n         \r\n                  \r\n           \r\n         \r\n                     <h2 class=\"title\">\r\n               <span>Acesso \u00e0 Leitura e Escrita Braille<\/span>\r\n            <\/h2>\r\n                  \r\n                     <div class=\"title-desc\">Contribuindo para a autonomia e o acesso \u00e0 educa\u00e7\u00e3o, cultura e informa\u00e7\u00e3o de forma inclusiva.<\/div>\r\n         \r\n         \r\n      <\/div>\r\n   <\/div>\r\n<\/div>\t\t\t\t<\/div>\n\t\t\t\t<\/div>\n\t\t\t\t\t<\/div>\n\t\t<\/div>\n\t\t\t\t\t<\/div>\n\t\t<\/section>\n\t\t\t\t<section class=\"elementor-section elementor-top-section elementor-element elementor-element-4543149 elementor-section-boxed elementor-section-height-default elementor-section-height-default\" data-id=\"4543149\" data-element_type=\"section\">\n\t\t\t\t\t\t<div class=\"elementor-container elementor-column-gap-default\">\n\t\t\t\t\t<div class=\"elementor-column elementor-col-50 elementor-top-column elementor-element elementor-element-81a35af\" data-id=\"81a35af\" data-element_type=\"column\">\n\t\t\t<div class=\"elementor-widget-wrap elementor-element-populated\">\n\t\t\t\t\t\t<div class=\"elementor-element elementor-element-1623a91 elementor-widget elementor-widget-gva-gallery\" data-id=\"1623a91\" data-element_type=\"widget\" data-widget_type=\"gva-gallery.default\">\n\t\t\t\t<div class=\"elementor-widget-container\">\n\t\t\t\t\t<div class=\"gva-element-gva-gallery gva-element\">  \r\n  \t<div class=\"gva-gallery-grid clearfix\">\r\n\t\t<div class=\"gva-content-items\"> \r\n\t\t  \t<div class=\"lg-block-grid-3 md-block-grid-3 sm-block-grid-2 xs-block-grid-1 xx-block-grid-1\">\r\n\t\t\t \t<div class=\"item\">\r\n<div class=\"gallery-item\">\r\n\r\n               <div class=\"image\">\r\n            <img decoding=\"async\" src=\"https:\/\/institutodoscegos.com.br\/site\/wp-content\/uploads\/2025\/01\/WhatsApp-Image-2023-03-27-at-15.04.27-5-768x1024.jpeg\" alt=\"\" \/>  \r\n         <\/div>\r\n         <a class=\"photo-gallery\" href=\"https:\/\/institutodoscegos.com.br\/site\/wp-content\/uploads\/2025\/01\/WhatsApp-Image-2023-03-27-at-15.04.27-5.jpeg\" data-elementor-lightbox-slideshow=\"gallery-zims\"><\/a>\r\n      \r\n      <div class=\"image-content\">\r\n         <div class=\"content-inner\">\r\n                                 <\/div>   \r\n      <\/div>\r\n\r\n   <\/div>\r\n<\/div><div class=\"item\">\r\n<div class=\"gallery-item\">\r\n\r\n               <div class=\"image\">\r\n            <img decoding=\"async\" src=\"https:\/\/institutodoscegos.com.br\/site\/wp-content\/uploads\/2025\/01\/WhatsApp-Image-2023-03-27-at-15.04.25-1-768x1024.jpeg\" alt=\"\" \/>  \r\n         <\/div>\r\n         <a class=\"photo-gallery\" href=\"https:\/\/institutodoscegos.com.br\/site\/wp-content\/uploads\/2025\/01\/WhatsApp-Image-2023-03-27-at-15.04.25-1.jpeg\" data-elementor-lightbox-slideshow=\"gallery-zims\"><\/a>\r\n      \r\n      <div class=\"image-content\">\r\n         <div class=\"content-inner\">\r\n                                 <\/div>   \r\n      <\/div>\r\n\r\n   <\/div>\r\n<\/div><div class=\"item\">\r\n<div class=\"gallery-item\">\r\n\r\n               <div class=\"image\">\r\n            <img decoding=\"async\" src=\"https:\/\/institutodoscegos.com.br\/site\/wp-content\/uploads\/2025\/01\/WhatsApp-Image-2023-03-27-at-15.04.28-1-768x1024.jpeg\" alt=\"\" \/>  \r\n         <\/div>\r\n         <a class=\"photo-gallery\" href=\"https:\/\/institutodoscegos.com.br\/site\/wp-content\/uploads\/2025\/01\/WhatsApp-Image-2023-03-27-at-15.04.28-1.jpeg\" data-elementor-lightbox-slideshow=\"gallery-zims\"><\/a>\r\n      \r\n      <div class=\"image-content\">\r\n         <div class=\"content-inner\">\r\n                                 <\/div>   \r\n      <\/div>\r\n\r\n   <\/div>\r\n<\/div>\t\t  \t<\/div>\r\n\t\t<\/div>\r\n  \t<\/div>\r\n<\/div>\t\t\t\t<\/div>\n\t\t\t\t<\/div>\n\t\t\t\t<div class=\"elementor-element elementor-element-65cc135 elementor-widget elementor-widget-gva-heading-block\" data-id=\"65cc135\" data-element_type=\"widget\" data-widget_type=\"gva-heading-block.default\">\n\t\t\t\t<div class=\"elementor-widget-container\">\n\t\t\t\t\t<div class=\"gva-element-gva-heading-block gva-element\">   <div class=\"align-center style-1 widget gsc-heading box-align-left auto-responsive\">\r\n      <div class=\"content-inner\">\r\n         \r\n                  \r\n           \r\n         \r\n                     <h2 class=\"title\">\r\n               <span>Acesso \u00e0 Leitura e Escrita Braille<\/span>\r\n            <\/h2>\r\n                  \r\n                     <div class=\"title-desc\">Promovemos a alfabetiza\u00e7\u00e3o em Braille para pessoas com defici\u00eancia visual, contribuindo para a autonomia e o acesso \u00e0 educa\u00e7\u00e3o, cultura e informa\u00e7\u00e3o de forma inclusiva.<\/div>\r\n         \r\n         \r\n      <\/div>\r\n   <\/div>\r\n<\/div>\t\t\t\t<\/div>\n\t\t\t\t<\/div>\n\t\t\t\t<div class=\"elementor-element elementor-element-91dde77 elementor-widget elementor-widget-text-editor\" data-id=\"91dde77\" data-element_type=\"widget\" data-widget_type=\"text-editor.default\">\n\t\t\t\t<div class=\"elementor-widget-container\">\n\t\t\t\t\t\t\t\t\t<p><strong>Descri\u00e7\u00e3o:<\/strong><br \/>O Braille \u00e9 uma das principais ferramentas de autonomia para pessoas com defici\u00eancia visual. No ICENO, oferecemos aulas personalizadas de alfabetiza\u00e7\u00e3o e leitura em Braille para crian\u00e7as, jovens, adultos e idosos, contribuindo para sua inclus\u00e3o educacional e social.<\/p>\t\t\t\t\t\t\t\t<\/div>\n\t\t\t\t<\/div>\n\t\t\t\t<section class=\"elementor-section elementor-inner-section elementor-element elementor-element-d18abe4 elementor-section-boxed elementor-section-height-default elementor-section-height-default\" data-id=\"d18abe4\" data-element_type=\"section\">\n\t\t\t\t\t\t<div class=\"elementor-container elementor-column-gap-default\">\n\t\t\t\t\t<div class=\"elementor-column elementor-col-50 elementor-inner-column elementor-element elementor-element-6b69185\" data-id=\"6b69185\" data-element_type=\"column\">\n\t\t\t<div class=\"elementor-widget-wrap elementor-element-populated\">\n\t\t\t\t\t\t<div class=\"elementor-element elementor-element-d2f454d elementor-position-left elementor-vertical-align-middle icon-box-left elementor-view-default elementor-mobile-position-top elementor-widget elementor-widget-icon-box\" data-id=\"d2f454d\" data-element_type=\"widget\" data-widget_type=\"icon-box.default\">\n\t\t\t\t<div class=\"elementor-widget-container\">\n\t\t\t\t\t\t\t<div class=\"elementor-icon-box-wrapper\">\n\n\t\t\t\t\t\t<div class=\"elementor-icon-box-icon\">\n\t\t\t\t<span  class=\"elementor-icon\">\n\t\t\t\t<i aria-hidden=\"true\" class=\" las la-pencil-ruler\"><\/i>\t\t\t\t<\/span>\n\t\t\t<\/div>\n\t\t\t\n\t\t\t\t\t\t<div class=\"elementor-icon-box-content\">\n\n\t\t\t\t\t\t\t\t\t<h3 class=\"elementor-icon-box-title\">\n\t\t\t\t\t\t<span  >\n\t\t\t\t\t\t\tMais de 50 alunos alfabetizados anualmente.\t\t\t\t\t\t<\/span>\n\t\t\t\t\t<\/h3>\n\t\t\t\t\n\t\t\t\t\n\t\t\t<\/div>\n\t\t\t\n\t\t<\/div>\n\t\t\t\t\t\t<\/div>\n\t\t\t\t<\/div>\n\t\t\t\t\t<\/div>\n\t\t<\/div>\n\t\t\t\t<div class=\"elementor-column elementor-col-50 elementor-inner-column elementor-element elementor-element-2d0b8b2\" data-id=\"2d0b8b2\" data-element_type=\"column\">\n\t\t\t<div class=\"elementor-widget-wrap elementor-element-populated\">\n\t\t\t\t\t\t<div class=\"elementor-element elementor-element-688a64b elementor-position-left elementor-vertical-align-middle icon-box-left elementor-view-default elementor-mobile-position-top elementor-widget elementor-widget-icon-box\" data-id=\"688a64b\" data-element_type=\"widget\" data-widget_type=\"icon-box.default\">\n\t\t\t\t<div class=\"elementor-widget-container\">\n\t\t\t\t\t\t\t<div class=\"elementor-icon-box-wrapper\">\n\n\t\t\t\t\t\t<div class=\"elementor-icon-box-icon\">\n\t\t\t\t<span  class=\"elementor-icon\">\n\t\t\t\t<i aria-hidden=\"true\" class=\" las la-quote-left\"><\/i>\t\t\t\t<\/span>\n\t\t\t<\/div>\n\t\t\t\n\t\t\t\t\t\t<div class=\"elementor-icon-box-content\">\n\n\t\t\t\t\t\t\t\t\t<h3 class=\"elementor-icon-box-title\">\n\t\t\t\t\t\t<span  >\n\t\t\t\t\t\t\tEst\u00edmulo \u00e0 leitura como forma de lazer, conhecimento e acesso \u00e0 cidadania.\t\t\t\t\t\t<\/span>\n\t\t\t\t\t<\/h3>\n\t\t\t\t\n\t\t\t\t\n\t\t\t<\/div>\n\t\t\t\n\t\t<\/div>\n\t\t\t\t\t\t<\/div>\n\t\t\t\t<\/div>\n\t\t\t\t\t<\/div>\n\t\t<\/div>\n\t\t\t\t\t<\/div>\n\t\t<\/section>\n\t\t\t\t<div class=\"elementor-element elementor-element-8566c5a elementor-widget elementor-widget-image\" data-id=\"8566c5a\" data-element_type=\"widget\" data-widget_type=\"image.default\">\n\t\t\t\t<div class=\"elementor-widget-container\">\n\t\t\t\t\t\t\t\t\t\t\t\t\t\t\t<img fetchpriority=\"high\" decoding=\"async\" width=\"900\" height=\"675\" src=\"https:\/\/institutodoscegos.com.br\/site\/wp-content\/uploads\/2025\/01\/WhatsApp-Image-2023-03-27-at-15.04.26-3-1024x768.jpeg\" class=\"attachment-large size-large wp-image-2229\" alt=\"\" srcset=\"https:\/\/institutodoscegos.com.br\/site\/wp-content\/uploads\/2025\/01\/WhatsApp-Image-2023-03-27-at-15.04.26-3-1024x768.jpeg 1024w, https:\/\/institutodoscegos.com.br\/site\/wp-content\/uploads\/2025\/01\/WhatsApp-Image-2023-03-27-at-15.04.26-3-768x576.jpeg 768w, https:\/\/institutodoscegos.com.br\/site\/wp-content\/uploads\/2025\/01\/WhatsApp-Image-2023-03-27-at-15.04.26-3-580x435.jpeg 580w, https:\/\/institutodoscegos.com.br\/site\/wp-content\/uploads\/2025\/01\/WhatsApp-Image-2023-03-27-at-15.04.26-3-600x450.jpeg 600w, https:\/\/institutodoscegos.com.br\/site\/wp-content\/uploads\/2025\/01\/WhatsApp-Image-2023-03-27-at-15.04.26-3.jpeg 1600w\" sizes=\"(max-width: 900px) 100vw, 900px\" \/>\t\t\t\t\t\t\t\t\t\t\t\t\t\t\t<\/div>\n\t\t\t\t<\/div>\n\t\t\t\t<div class=\"elementor-element elementor-element-bd897e1 elementor-widget elementor-widget-heading\" data-id=\"bd897e1\" data-element_type=\"widget\" data-widget_type=\"heading.default\">\n\t\t\t\t<div class=\"elementor-widget-container\">\n\t\t\t\t\t<h2 class=\"elementor-heading-title elementor-size-default\">Crian\u00e7as, adultos e idosos<\/h2>\t\t\t\t<\/div>\n\t\t\t\t<\/div>\n\t\t\t\t<div class=\"elementor-element elementor-element-e6674fb elementor-widget elementor-widget-text-editor\" data-id=\"e6674fb\" data-element_type=\"widget\" data-widget_type=\"text-editor.default\">\n\t\t\t\t<div class=\"elementor-widget-container\">\n\t\t\t\t\t\t\t\t\t<p>Aulas em pequenos grupos, materiais personalizados e acompanhamento de profissionais especializados.<\/p>\t\t\t\t\t\t\t\t<\/div>\n\t\t\t\t<\/div>\n\t\t\t\t\t<\/div>\n\t\t<\/div>\n\t\t\t\t<div class=\"elementor-column elementor-col-50 elementor-top-column elementor-element elementor-element-81aa25b\" data-id=\"81aa25b\" data-element_type=\"column\">\n\t\t\t<div class=\"elementor-widget-wrap elementor-element-populated\">\n\t\t\t\t\t\t<div class=\"elementor-element elementor-element-f08f7f2 elementor-widget elementor-widget-wp-widget-nav_menu\" data-id=\"f08f7f2\" data-element_type=\"widget\" data-widget_type=\"wp-widget-nav_menu.default\">\n\t\t\t\t<div class=\"elementor-widget-container\">\n\t\t\t\t\t<div class=\"menu-servicos-container\"><ul id=\"menu-servicos\" class=\"menu\"><li id=\"menu-item-2081\" class=\"menu-item menu-item-type-post_type menu-item-object-page menu-item-2081\"><a href=\"https:\/\/institutodoscegos.com.br\/site\/acesso-a-leitura-braille\/\">Acesso a leitura Braille<\/a><\/li>\n<li id=\"menu-item-2583\" class=\"menu-item menu-item-type-post_type menu-item-object-page menu-item-2583\"><a href=\"https:\/\/institutodoscegos.com.br\/site\/atividade-de-vida-autonoma\/\">Atividade de vida autonoma<\/a><\/li>\n<li id=\"menu-item-2581\" class=\"menu-item menu-item-type-post_type menu-item-object-page menu-item-2581\"><a href=\"https:\/\/institutodoscegos.com.br\/site\/beneficios\/\">Benef\u00edcios<\/a><\/li>\n<li id=\"menu-item-2084\" class=\"menu-item menu-item-type-post_type menu-item-object-page menu-item-2084\"><a href=\"https:\/\/institutodoscegos.com.br\/site\/formacao-musical\/\">Forma\u00e7\u00e3o Musical<\/a><\/li>\n<li id=\"menu-item-2586\" class=\"menu-item menu-item-type-post_type menu-item-object-page menu-item-2586\"><a href=\"https:\/\/institutodoscegos.com.br\/site\/informatica-acessivel\/\">Inform\u00e1tica acess\u00edvel<\/a><\/li>\n<li id=\"menu-item-2584\" class=\"menu-item menu-item-type-post_type menu-item-object-page menu-item-2584\"><a href=\"https:\/\/institutodoscegos.com.br\/site\/orientacao-e-mobilidade\/\">Orienta\u00e7\u00e3o e Mobilidade<\/a><\/li>\n<li id=\"menu-item-2585\" class=\"menu-item menu-item-type-post_type menu-item-object-page menu-item-2585\"><a href=\"https:\/\/institutodoscegos.com.br\/site\/paradesporto\/\">Paradesporto<\/a><\/li>\n<li id=\"menu-item-2582\" class=\"menu-item menu-item-type-post_type menu-item-object-page menu-item-2582\"><a href=\"https:\/\/institutodoscegos.com.br\/site\/servico-social\/\">Servi\u00e7o Social<\/a><\/li>\n<\/ul><\/div>\t\t\t\t<\/div>\n\t\t\t\t<\/div>\n\t\t\t\t<section class=\"elementor-section elementor-inner-section elementor-element elementor-element-92d3dfc elementor-section-boxed elementor-section-height-default elementor-section-height-default\" data-id=\"92d3dfc\" data-element_type=\"section\" data-settings=\"{&quot;background_background&quot;:&quot;classic&quot;}\">\n\t\t\t\t\t\t<div class=\"elementor-container elementor-column-gap-default\">\n\t\t\t\t\t<div class=\"elementor-column elementor-col-100 elementor-inner-column elementor-element elementor-element-941ac9e\" data-id=\"941ac9e\" data-element_type=\"column\" data-settings=\"{&quot;background_background&quot;:&quot;classic&quot;}\">\n\t\t\t<div class=\"elementor-widget-wrap elementor-element-populated\">\n\t\t\t\t\t\t<div class=\"elementor-element elementor-element-8efbb31 elementor-view-stacked elementor-shape-circle elementor-position-top elementor-mobile-position-top elementor-widget elementor-widget-icon-box\" data-id=\"8efbb31\" data-element_type=\"widget\" data-widget_type=\"icon-box.default\">\n\t\t\t\t<div class=\"elementor-widget-container\">\n\t\t\t\t\t\t\t<div class=\"elementor-icon-box-wrapper\">\n\n\t\t\t\t\t\t<div class=\"elementor-icon-box-icon\">\n\t\t\t\t<a href=\"http:\/\/wa.me\/5583999384627\" class=\"elementor-icon\" tabindex=\"-1\" aria-label=\"83 3322.1214\">\n\t\t\t\t<i aria-hidden=\"true\" class=\"fas fa-phone\"><\/i>\t\t\t\t<\/a>\n\t\t\t<\/div>\n\t\t\t\n\t\t\t\t\t\t<div class=\"elementor-icon-box-content\">\n\n\t\t\t\t\t\t\t\t\t<h3 class=\"elementor-icon-box-title\">\n\t\t\t\t\t\t<a href=\"http:\/\/wa.me\/5583999384627\" >\n\t\t\t\t\t\t\t83 3322.1214\t\t\t\t\t\t<\/a>\n\t\t\t\t\t<\/h3>\n\t\t\t\t\n\t\t\t\t\t\t\t\t\t<p class=\"elementor-icon-box-description\">\n\t\t\t\t\t\t83 99938.4627\t\t\t\t\t<\/p>\n\t\t\t\t\n\t\t\t<\/div>\n\t\t\t\n\t\t<\/div>\n\t\t\t\t\t\t<\/div>\n\t\t\t\t<\/div>\n\t\t\t\t<div class=\"elementor-element elementor-element-3b41144 elementor-align-center elementor-widget elementor-widget-button\" data-id=\"3b41144\" data-element_type=\"widget\" data-widget_type=\"button.default\">\n\t\t\t\t<div class=\"elementor-widget-container\">\n\t\t\t\t\t\t\t\t\t<div class=\"elementor-button-wrapper\">\n\t\t\t\t\t<a class=\"elementor-button elementor-button-link elementor-size-md\" href=\"http:\/\/wa.me\/5583999384627\">\n\t\t\t\t\t\t<span class=\"elementor-button-content-wrapper\">\n\t\t\t\t\t\t\t\t\t<span class=\"elementor-button-text\">Whatsapp<\/span>\n\t\t\t\t\t<\/span>\n\t\t\t\t\t<\/a>\n\t\t\t\t<\/div>\n\t\t\t\t\t\t\t\t<\/div>\n\t\t\t\t<\/div>\n\t\t\t\t\t<\/div>\n\t\t<\/div>\n\t\t\t\t\t<\/div>\n\t\t<\/section>\n\t\t\t\t\t<\/div>\n\t\t<\/div>\n\t\t\t\t\t<\/div>\n\t\t<\/section>\n\t\t\t\t<section class=\"elementor-section elementor-top-section elementor-element elementor-element-24ed0bb elementor-section-boxed elementor-section-height-default elementor-section-height-default\" data-id=\"24ed0bb\" data-element_type=\"section\" data-settings=\"{&quot;background_background&quot;:&quot;classic&quot;}\">\n\t\t\t\t\t\t<div class=\"elementor-container elementor-column-gap-default\">\n\t\t\t\t\t<div class=\"elementor-column elementor-col-100 elementor-top-column elementor-element elementor-element-c6334ea\" data-id=\"c6334ea\" data-element_type=\"column\">\n\t\t\t<div class=\"elementor-widget-wrap elementor-element-populated\">\n\t\t\t\t\t\t<div class=\"elementor-element elementor-element-c753044 elementor-widget elementor-widget-gva-heading-block\" data-id=\"c753044\" data-element_type=\"widget\" data-widget_type=\"gva-heading-block.default\">\n\t\t\t\t<div class=\"elementor-widget-container\">\n\t\t\t\t\t<div class=\"gva-element-gva-heading-block gva-element\">   <div class=\"align-center style-2 widget gsc-heading box-align-left auto-responsive\">\r\n      <div class=\"content-inner\">\r\n         \r\n                  \r\n         <div class=\"sub-title\"><span class=\"tagline\">ICENO<\/span><\/div>  \r\n         \r\n                     <h2 class=\"title\">\r\n               <span>Doe. Compartilhe. Transborde amor e transforme vidas. \u00c9 assim que constru\u00edmos um mundo mais inclusivo!<\/span>\r\n            <\/h2>\r\n                  \r\n         \r\n         \r\n      <\/div>\r\n   <\/div>\r\n<\/div>\t\t\t\t<\/div>\n\t\t\t\t<\/div>\n\t\t\t\t\t<\/div>\n\t\t<\/div>\n\t\t\t\t\t<\/div>\n\t\t<\/section>\n\t\t\t\t<\/div>\n\t\t","protected":false},"excerpt":{"rendered":"<p>Acesso \u00e0 Leitura e Escrita Braille Contribuindo para a autonomia e o acesso \u00e0 educa\u00e7\u00e3o, cultura e informa\u00e7\u00e3o de forma inclusiva. Acesso \u00e0 Leitura e Escrita Braille Promovemos a alfabetiza\u00e7\u00e3o [&hellip;]<\/p>\n","protected":false},"author":1,"featured_media":0,"parent":0,"menu_order":0,"comment_status":"closed","ping_status":"closed","template":"","meta":{"footnotes":""},"class_list":["post-2433","page","type-page","status-publish","hentry"],"_links":{"self":[{"href":"https:\/\/institutodoscegos.com.br\/site\/wp-json\/wp\/v2\/pages\/2433","targetHints":{"allow":["GET"]}}],"collection":[{"href":"https:\/\/institutodoscegos.com.br\/site\/wp-json\/wp\/v2\/pages"}],"about":[{"href":"https:\/\/institutodoscegos.com.br\/site\/wp-json\/wp\/v2\/types\/page"}],"author":[{"embeddable":true,"href":"https:\/\/institutodoscegos.com.br\/site\/wp-json\/wp\/v2\/users\/1"}],"replies":[{"embeddable":true,"href":"https:\/\/institutodoscegos.com.br\/site\/wp-json\/wp\/v2\/comments?post=2433"}],"version-history":[{"count":2,"href":"https:\/\/institutodoscegos.com.br\/site\/wp-json\/wp\/v2\/pages\/2433\/revisions"}],"predecessor-version":[{"id":2435,"href":"https:\/\/institutodoscegos.com.br\/site\/wp-json\/wp\/v2\/pages\/2433\/revisions\/2435"}],"wp:attachment":[{"href":"https:\/\/institutodoscegos.com.br\/site\/wp-json\/wp\/v2\/media?parent=2433"}],"curies":[{"name":"wp","href":"https:\/\/api.w.org\/{rel}","templated":true}]}}